{"id":10743,"date":"2023-04-02T21:26:29","date_gmt":"2023-04-03T02:26:29","guid":{"rendered":"https:\/\/donations.tigregente.com\/progress-bar\/"},"modified":"2023-04-21T13:50:52","modified_gmt":"2023-04-21T18:50:52","slug":"progress-bar","status":"publish","type":"page","link":"https:\/\/donations.tigregente.com\/pt-br\/progress-bar\/","title":{"rendered":"progress bar"},"content":{"rendered":"\t\t<div data-elementor-type=\"wp-page\" data-elementor-id=\"10743\" class=\"elementor elementor-10743 elementor-10665\" data-elementor-post-type=\"page\">\n\t\t\t\t\t\t\t\t\t<section data-particle_enable=\"false\" data-particle-mobile-disabled=\"false\" class=\"elementor-section elementor-top-section elementor-element elementor-element-3225b4c elementor-section-boxed elementor-section-height-default elementor-section-height-default\" data-id=\"3225b4c\" data-element_type=\"section\" data-settings=\"{&quot;background_background&quot;:&quot;classic&quot;}\">\n\t\t\t\t\t\t\t<div class=\"elementor-background-overlay\"><\/div>\n\t\t\t\t\t\t\t<div class=\"elementor-container elementor-column-gap-default\">\n\t\t\t\t\t<div class=\"elementor-column elementor-col-100 elementor-top-column elementor-element elementor-element-d3a3279\" data-id=\"d3a3279\" data-element_type=\"column\">\n\t\t\t<div class=\"elementor-widget-wrap elementor-element-populated\">\n\t\t\t\t\t\t\t\t<div class=\"elementor-element elementor-element-e4b4995 elementor-widget elementor-widget-heading\" data-id=\"e4b4995\" data-element_type=\"widget\" data-widget_type=\"heading.default\">\n\t\t\t\t<div class=\"elementor-widget-container\">\n\t\t\t<h2 class=\"elementor-heading-title elementor-size-default\">AJUDE A DIVULGAR E AUMENTAR A CONSCIENTIZA\u00c7\u00c3O SOBRE A PRESERVA\u00c7\u00c3O DA ON\u00c7A-PINTADA<\/h2>\t\t<\/div>\n\t\t\t\t<\/div>\n\t\t\t\t<div class=\"elementor-element elementor-element-683c9e5 elementor-widget elementor-widget-shortcode\" data-id=\"683c9e5\" data-element_type=\"widget\" data-widget_type=\"shortcode.default\">\n\t\t\t\t<div class=\"elementor-widget-container\">\n\t\t\t\t\t<div class=\"elementor-shortcode\">    <div class=\"oj-totals-wrap overlay-meter\">\n        <div>\n                    <div class=\"left-cal\"><span class=\"income\">&#36;60<\/span>\/ <span class=\"goal-text\">&#36;40,000<\/span><\/div>\n                    <div class=\"right-cal\">0.15%<\/div>\n                <\/div><div class=\"progress-bar-wrap\" role=\"progressbar\" aria-valuemin=\"0\" aria-valuemax=\"100\" aria-valuenow=\"0.15115\">\n                      <span class=\"progress-bar-val\" style=\"width: 0.15115%;\"><\/span>\n                      <span class=\"progress-bar-inc\" style=\"width:0%;\"><\/span>\n                  <\/div>    <\/div>\n    <\/div>\n\t\t\t\t<\/div>\n\t\t\t\t<\/div>\n\t\t\t\t<div class=\"elementor-element elementor-element-a57b9e0 elementor-hidden-desktop elementor-widget elementor-widget-spacer\" data-id=\"a57b9e0\" data-element_type=\"widget\" data-widget_type=\"spacer.default\">\n\t\t\t\t<div class=\"elementor-widget-container\">\n\t\t\t\t\t<div class=\"elementor-spacer\">\n\t\t\t<div class=\"elementor-spacer-inner\"><\/div>\n\t\t<\/div>\n\t\t\t\t<\/div>\n\t\t\t\t<\/div>\n\t\t\t\t\t<\/div>\n\t\t<\/div>\n\t\t\t\t\t\t\t<\/div>\n\t\t<\/section>\n\t\t\t\t\t\t\t<\/div>\n\t\t","protected":false},"excerpt":{"rendered":"<p>AJUDE A DIVULGAR E AUMENTAR A CONSCIENTIZA\u00c7\u00c3O SOBRE A PRESERVA\u00c7\u00c3O DA ON\u00c7A-PINTADA<\/p>\n","protected":false},"author":1,"featured_media":0,"parent":0,"menu_order":0,"comment_status":"closed","ping_status":"closed","template":"elementor_canvas","meta":{"footnotes":""},"class_list":["post-10743","page","type-page","status-publish","hentry"],"acf":[],"_links":{"self":[{"href":"https:\/\/donations.tigregente.com\/pt-br\/wp-json\/wp\/v2\/pages\/10743","targetHints":{"allow":["GET"]}}],"collection":[{"href":"https:\/\/donations.tigregente.com\/pt-br\/wp-json\/wp\/v2\/pages"}],"about":[{"href":"https:\/\/donations.tigregente.com\/pt-br\/wp-json\/wp\/v2\/types\/page"}],"author":[{"embeddable":true,"href":"https:\/\/donations.tigregente.com\/pt-br\/wp-json\/wp\/v2\/users\/1"}],"replies":[{"embeddable":true,"href":"https:\/\/donations.tigregente.com\/pt-br\/wp-json\/wp\/v2\/comments?post=10743"}],"version-history":[{"count":0,"href":"https:\/\/donations.tigregente.com\/pt-br\/wp-json\/wp\/v2\/pages\/10743\/revisions"}],"wp:attachment":[{"href":"https:\/\/donations.tigregente.com\/pt-br\/wp-json\/wp\/v2\/media?parent=10743"}],"curies":[{"name":"wp","href":"https:\/\/api.w.org\/{rel}","templated":true}]}}